{"id":40049,"date":"2024-04-05T10:02:38","date_gmt":"2024-04-05T10:02:38","guid":{"rendered":"https:\/\/drcemil.com\/?page_id=40049"},"modified":"2025-03-25T14:40:20","modified_gmt":"2025-03-25T14:40:20","slug":"dr-cemil-isik-sonmez","status":"publish","type":"page","link":"https:\/\/drcemil.com\/en\/dr-cemil-isik-sonmez\/","title":{"rendered":"Prof. Dr. Cemil I\u015f\u0131k S\u00f6nmez"},"content":{"rendered":"<div data-elementor-type=\"wp-page\" data-elementor-id=\"40049\" class=\"elementor elementor-40049\">\n\t\t\t\t\t\t\t<div class=\"elementor-element elementor-element-1b3b0d9 e-flex e-con-boxed e-con e-parent\" data-id=\"1b3b0d9\" data-element_type=\"container\" data-settings=\"{&quot;content_width&quot;:&quot;boxed&quot;}\" data-core-v316-plus=\"true\">\n\t\t\t\t\t<div class=\"e-con-inner\">\n\t\t\t\t<div class=\"elementor-element elementor-element-8a42937 elementor-widget elementor-widget-spacer\" data-id=\"8a42937\" data-element_type=\"widget\" data-widget_type=\"spacer.default\">\n\t\t\t\t<div class=\"elementor-widget-container\">\n\t\t\t<style>\/*! elementor - v3.18.0 - 20-12-2023 *\/\n.elementor-column .elementor-spacer-inner{height:var(--spacer-size)}.e-con{--container-widget-width:100%}.e-con-inner>.elementor-widget-spacer,.e-con>.elementor-widget-spacer{width:var(--container-widget-width,var(--spacer-size));--align-self:var(--container-widget-align-self,initial);--flex-shrink:0}.e-con-inner>.elementor-widget-spacer>.elementor-widget-container,.e-con>.elementor-widget-spacer>.elementor-widget-container{height:100%;width:100%}.e-con-inner>.elementor-widget-spacer>.elementor-widget-container>.elementor-spacer,.e-con>.elementor-widget-spacer>.elementor-widget-container>.elementor-spacer{height:100%}.e-con-inner>.elementor-widget-spacer>.elementor-widget-container>.elementor-spacer>.elementor-spacer-inner,.e-con>.elementor-widget-spacer>.elementor-widget-container>.elementor-spacer>.elementor-spacer-inner{height:var(--container-widget-height,var(--spacer-size))}.e-con-inner>.elementor-widget-spacer.elementor-widget-empty,.e-con>.elementor-widget-spacer.elementor-widget-empty{position:relative;min-height:22px;min-width:22px}.e-con-inner>.elementor-widget-spacer.elementor-widget-empty .elementor-widget-empty-icon,.e-con>.elementor-widget-spacer.elementor-widget-empty .elementor-widget-empty-icon{position:absolute;top:0;bottom:0;left:0;right:0;margin:auto;padding:0;width:22px;height:22px}<\/style>\t\t<div class=\"elementor-spacer\">\n\t\t\t<div class=\"elementor-spacer-inner\"><\/div>\n\t\t<\/div>\n\t\t\t\t<\/div>\n\t\t\t\t<\/div>\n\t\t\t\t\t<\/div>\n\t\t\t\t<\/div>\n\t\t<div class=\"elementor-element elementor-element-9450901 e-flex e-con-boxed e-con e-parent\" data-id=\"9450901\" data-element_type=\"container\" data-settings=\"{&quot;content_width&quot;:&quot;boxed&quot;}\" data-core-v316-plus=\"true\">\n\t\t\t\t\t<div class=\"e-con-inner\">\n\t\t\t\t<div class=\"elementor-element elementor-element-323ebb0 elementor-widget elementor-widget-text-editor\" data-id=\"323ebb0\" data-element_type=\"widget\" data-widget_type=\"text-editor.default\">\n\t\t\t\t<div class=\"elementor-widget-container\">\n\t\t\t<style>\/*! elementor - v3.18.0 - 20-12-2023 *\/\n.elementor-widget-text-editor.elementor-drop-cap-view-stacked .elementor-drop-cap{background-color:#69727d;color:#fff}.elementor-widget-text-editor.elementor-drop-cap-view-framed .elementor-drop-cap{color:#69727d;border:3px solid;background-color:transparent}.elementor-widget-text-editor:not(.elementor-drop-cap-view-default) .elementor-drop-cap{margin-top:8px}.elementor-widget-text-editor:not(.elementor-drop-cap-view-default) .elementor-drop-cap-letter{width:1em;height:1em}.elementor-widget-text-editor .elementor-drop-cap{float:left;text-align:center;line-height:1;font-size:50px}.elementor-widget-text-editor .elementor-drop-cap-letter{display:inline-block}<\/style>\t\t\t\t<p data-start=\"0\" data-end=\"426\">Uzm. Dr. Cemil I\u015f\u0131k S\u00f6nmez graduated from Ankara University Faculty of Medicine in 2006 and completed his specialization in Family Medicine in 2012. In 2015, he started to work as an Assistant Professor at D\u00fczce University Faculty of Medicine, Department of Family Medicine, and served as the Head of the Department and editor-in-chief of Konuralp Medical Journal between 2016-2020.<\/p><p data-start=\"428\" data-end=\"781\">Prof. Dr. S\u00f6nmez pioneered the establishment of the Traditional and Complementary Medicine (GETAT) Center within D\u00fczce University and implemented applications such as acupuncture, ozone therapy, cupping therapy (cupping), hirudotherapy (leech therapy), hypnotherapy, mesotherapy and maggot (larva) therapy for the first time in the hospital.<\/p><div class=\"relative inline-flex items-center\">\u00a0<\/div><p data-start=\"783\" data-end=\"842\">Among the services it offers are the following:<\/p><ul data-start=\"844\" data-end=\"2291\"><li data-start=\"844\" data-end=\"1000\"><p data-start=\"846\" data-end=\"1000\"><strong data-start=\"846\" data-end=\"864\">Family Medicine<\/strong>: It is a primary health care service that meets the general health needs of individuals and families.<\/p><\/li><li data-start=\"1002\" data-end=\"1175\"><p data-start=\"1004\" data-end=\"1175\"><strong data-start=\"1004\" data-end=\"1021\">Weight Control<\/strong>: Sa\u011fl\u0131kl\u0131 kilo y\u00f6netimi i\u00e7in beslenme, egzersiz ve ya\u015fam tarz\u0131 de\u011fi\u015fikliklerini destekleyen dan\u0131\u015fmanl\u0131k hizmetidir.<\/p><\/li><li data-start=\"1177\" data-end=\"1345\"><p data-start=\"1179\" data-end=\"1345\"><strong data-start=\"1179\" data-end=\"1197\">Smoking Cessation<\/strong>: A health service that promotes smoking cessation supported by addiction-reducing treatments.<\/p><\/li><li data-start=\"1347\" data-end=\"1538\"><p data-start=\"1349\" data-end=\"1538\"><strong data-start=\"1349\" data-end=\"1372\">Acupuncture Treatment<\/strong>: It is a traditional method used in the treatment of various health problems, which is applied with thin needles to certain points on the body.<\/p><\/li><li data-start=\"1540\" data-end=\"1714\"><p data-start=\"1542\" data-end=\"1714\"><strong data-start=\"1542\" data-end=\"1559\">Ozone Therapy<\/strong>: It is a treatment method in which ozone gas is used for medical purposes, known for its antimicrobial and antioxidant effects.<\/p><\/li><li data-start=\"1716\" data-end=\"1908\"><p data-start=\"1718\" data-end=\"1908\"><strong data-start=\"1718\" data-end=\"1745\">Cupping Treatment (Cupping)<\/strong>: It is a treatment method that is applied to certain points on the body with vacuum glass cups and aims to increase blood circulation.<\/p><\/li><li data-start=\"1910\" data-end=\"2071\"><p data-start=\"1912\" data-end=\"2071\"><strong data-start=\"1912\" data-end=\"1927\">Hypnotherapy<\/strong>: A method of therapy that aims to treat mental and emotional problems using the state of hypnosis.<\/p><\/li><li data-start=\"2073\" data-end=\"2291\"><p data-start=\"2075\" data-end=\"2291\"><strong data-start=\"2075\" data-end=\"2089\">Mesotherapy<\/strong>: It is a treatment method applied with low-dose injections of drugs, vitamins and minerals under the skin and used for purposes such as skin renewal and regional slimming.<\/p><\/li><\/ul><p data-start=\"2293\" data-end=\"2795\">Online counseling and home health services are also available. With online consultancy, patients can benefit from healthcare services by having a direct video call with Dr. S\u00f6nmez. Home healthcare services enable patients to receive professional healthcare services in their own home environment, including nursing services, physical therapy and rehabilitation, psychosocial support and the provision of necessary medical devices.<\/p><p data-start=\"2797\" data-end=\"2877\">Dr. Cemil I\u015f\u0131k S\u00f6nmez serves at the following address in D\u00fczce:<\/p><p data-start=\"2879\" data-end=\"2951\"><strong data-start=\"2879\" data-end=\"2888\">Address<\/strong>: K\u00fclt\u00fcr Mahallesi, Kanuni Sokak No:2, 81600 D\u00fczce Merkez\/D\u00fczce<\/p><p data-start=\"2953\" data-end=\"2982\"><strong data-start=\"2953\" data-end=\"2964\">Telephone<\/strong>: 90 546 112 81 81<\/p><p data-start=\"2984\" data-end=\"3043\"><strong data-start=\"2984\" data-end=\"3002\">Online Appointment<\/strong>:<\/p><div class=\"relative inline-flex items-center\"><a class=\"ml-1 inline-flex h-[22px] items-center rounded-xl bg-[#f4f4f4] px-2 text-[0.5em] font-medium text-token-text-secondary dark:bg-token-main-surface-secondary !text-token-text-secondary uppercase hover:bg-token-text-primary hover:!text-token-main-surface-secondary dark:hover:bg-token-text-primary group\" href=\"https:\/\/drcemil.com\/en\/?utm_source=chatgpt.com\" target=\"_blank\" rel=\"noopener\"><span class=\"truncate\">drcemil.com<\/span><\/a><\/div><p data-start=\"3045\" data-end=\"3415\">The comments of his patients show the success of Dr. S\u00f6nmez's treatment processes and patient satisfaction. For example, a patient stated that he got rid of herniated disc pain and quit smoking with acupuncture and ozone therapy. Another patient stated that he had positive results in the treatment of anxiety and obsession.<\/p><p data-start=\"3417\" data-end=\"3552\">Dr. Cemil I\u015f\u0131k S\u00f6nmez aims to protect and improve the health of his patients with holistic and personalized treatment approaches.<\/p>\t\t\t\t\t\t<\/div>\n\t\t\t\t<\/div>\n\t\t\t\t\t<\/div>\n\t\t\t\t<\/div>\n\t\t\t\t\t\t\t<\/div>","protected":false},"excerpt":{"rendered":"<p>Uzm. Dr. Cemil I\u015f\u0131k S\u00f6nmez, Ankara \u00dcniversitesi T\u0131p Fak\u00fcltesi&#8217;nden 2006 y\u0131l\u0131nda mezun olmu\u015f ve 2012 y\u0131l\u0131nda Aile Hekimli\u011fi uzmanl\u0131\u011f\u0131n\u0131 tamamlam\u0131\u015ft\u0131r. 2015 y\u0131l\u0131nda D\u00fczce \u00dcniversitesi T\u0131p Fak\u00fcltesi Aile Hekimli\u011fi Anabilim Dal\u0131&#8217;nda Yard\u0131mc\u0131 Do\u00e7ent olarak g\u00f6reve ba\u015flam\u0131\u015f, 2016-2020 y\u0131llar\u0131 aras\u0131nda Anabilim Dal\u0131 Ba\u015fkanl\u0131\u011f\u0131 ve Konuralp T\u0131p Dergisi&#8217;nin ba\u015f edit\u00f6rl\u00fc\u011f\u00fc g\u00f6revlerini y\u00fcr\u00fctm\u00fc\u015ft\u00fcr. Dr. S\u00f6nmez, D\u00fczce \u00dcniversitesi b\u00fcnyesinde Geleneksel &#8230;<\/p>","protected":false},"author":1,"featured_media":0,"parent":0,"menu_order":0,"comment_status":"closed","ping_status":"closed","template":"elementor_header_footer","meta":{"footnotes":""},"class_list":["post-40049","page","type-page","status-publish","hentry"],"_links":{"self":[{"href":"https:\/\/drcemil.com\/en\/wp-json\/wp\/v2\/pages\/40049","targetHints":{"allow":["GET"]}}],"collection":[{"href":"https:\/\/drcemil.com\/en\/wp-json\/wp\/v2\/pages"}],"about":[{"href":"https:\/\/drcemil.com\/en\/wp-json\/wp\/v2\/types\/page"}],"author":[{"embeddable":true,"href":"https:\/\/drcemil.com\/en\/wp-json\/wp\/v2\/users\/1"}],"replies":[{"embeddable":true,"href":"https:\/\/drcemil.com\/en\/wp-json\/wp\/v2\/comments?post=40049"}],"version-history":[{"count":0,"href":"https:\/\/drcemil.com\/en\/wp-json\/wp\/v2\/pages\/40049\/revisions"}],"wp:attachment":[{"href":"https:\/\/drcemil.com\/en\/wp-json\/wp\/v2\/media?parent=40049"}],"curies":[{"name":"wp","href":"https:\/\/api.w.org\/{rel}","templated":true}]}}