{"id":40049,"date":"2024-04-05T10:02:38","date_gmt":"2024-04-05T10:02:38","guid":{"rendered":"https:\/\/drcemil.com\/?page_id=40049"},"modified":"2025-03-25T14:40:20","modified_gmt":"2025-03-25T14:40:20","slug":"dr-cemil-isik-sonmez","status":"publish","type":"page","link":"http:\/\/drcemil.com\/es\/dr-cemil-isik-sonmez\/","title":{"rendered":"Dr. Cemil I\u015f\u0131k S\u00f6nmez"},"content":{"rendered":"<div data-elementor-type=\"wp-page\" data-elementor-id=\"40049\" class=\"elementor elementor-40049\">\n\t\t\t\t\t\t\t<div class=\"elementor-element elementor-element-1b3b0d9 e-flex e-con-boxed e-con e-parent\" data-id=\"1b3b0d9\" data-element_type=\"container\" data-settings=\"{&quot;content_width&quot;:&quot;boxed&quot;}\" data-core-v316-plus=\"true\">\n\t\t\t\t\t<div class=\"e-con-inner\">\n\t\t\t\t<div class=\"elementor-element elementor-element-8a42937 elementor-widget elementor-widget-spacer\" data-id=\"8a42937\" data-element_type=\"widget\" data-widget_type=\"spacer.default\">\n\t\t\t\t<div class=\"elementor-widget-container\">\n\t\t\t<style>\/*! elementor - v3.18.0 - 20-12-2023 *\/\n.elementor-column .elementor-spacer-inner{height:var(--spacer-size)}.e-con{--container-widget-width:100%}.e-con-inner>.elementor-widget-spacer,.e-con>.elementor-widget-spacer{width:var(--container-widget-width,var(--spacer-size));--align-self:var(--container-widget-align-self,initial);--flex-shrink:0}.e-con-inner>.elementor-widget-spacer>.elementor-widget-container,.e-con>.elementor-widget-spacer>.elementor-widget-container{height:100%;width:100%}.e-con-inner>.elementor-widget-spacer>.elementor-widget-container>.elementor-spacer,.e-con>.elementor-widget-spacer>.elementor-widget-container>.elementor-spacer{height:100%}.e-con-inner>.elementor-widget-spacer>.elementor-widget-container>.elementor-spacer>.elementor-spacer-inner,.e-con>.elementor-widget-spacer>.elementor-widget-container>.elementor-spacer>.elementor-spacer-inner{height:var(--container-widget-height,var(--spacer-size))}.e-con-inner>.elementor-widget-spacer.elementor-widget-empty,.e-con>.elementor-widget-spacer.elementor-widget-empty{position:relative;min-height:22px;min-width:22px}.e-con-inner>.elementor-widget-spacer.elementor-widget-empty .elementor-widget-empty-icon,.e-con>.elementor-widget-spacer.elementor-widget-empty .elementor-widget-empty-icon{position:absolute;top:0;bottom:0;left:0;right:0;margin:auto;padding:0;width:22px;height:22px}<\/style>\t\t<div class=\"elementor-spacer\">\n\t\t\t<div class=\"elementor-spacer-inner\"><\/div>\n\t\t<\/div>\n\t\t\t\t<\/div>\n\t\t\t\t<\/div>\n\t\t\t\t\t<\/div>\n\t\t\t\t<\/div>\n\t\t<div class=\"elementor-element elementor-element-9450901 e-flex e-con-boxed e-con e-parent\" data-id=\"9450901\" data-element_type=\"container\" data-settings=\"{&quot;content_width&quot;:&quot;boxed&quot;}\" data-core-v316-plus=\"true\">\n\t\t\t\t\t<div class=\"e-con-inner\">\n\t\t\t\t<div class=\"elementor-element elementor-element-323ebb0 elementor-widget elementor-widget-text-editor\" data-id=\"323ebb0\" data-element_type=\"widget\" data-widget_type=\"text-editor.default\">\n\t\t\t\t<div class=\"elementor-widget-container\">\n\t\t\t<style>\/*! elementor - v3.18.0 - 20-12-2023 *\/\n.elementor-widget-text-editor.elementor-drop-cap-view-stacked .elementor-drop-cap{background-color:#69727d;color:#fff}.elementor-widget-text-editor.elementor-drop-cap-view-framed .elementor-drop-cap{color:#69727d;border:3px solid;background-color:transparent}.elementor-widget-text-editor:not(.elementor-drop-cap-view-default) .elementor-drop-cap{margin-top:8px}.elementor-widget-text-editor:not(.elementor-drop-cap-view-default) .elementor-drop-cap-letter{width:1em;height:1em}.elementor-widget-text-editor .elementor-drop-cap{float:left;text-align:center;line-height:1;font-size:50px}.elementor-widget-text-editor .elementor-drop-cap-letter{display:inline-block}<\/style>\t\t\t\t<p data-start=\"0\" data-end=\"426\">Uzm. Dr. Cemil I\u015f\u0131k S\u00f6nmez, Ankara \u00dcniversitesi T\u0131p Fak\u00fcltesi&#8217;nden 2006 y\u0131l\u0131nda mezun olmu\u015f ve 2012 y\u0131l\u0131nda Aile Hekimli\u011fi uzmanl\u0131\u011f\u0131n\u0131 tamamlam\u0131\u015ft\u0131r. 2015 y\u0131l\u0131nda D\u00fczce \u00dcniversitesi T\u0131p Fak\u00fcltesi Aile Hekimli\u011fi Anabilim Dal\u0131&#8217;nda Yard\u0131mc\u0131 Do\u00e7ent olarak g\u00f6reve ba\u015flam\u0131\u015f, 2016-2020 y\u0131llar\u0131 aras\u0131nda Anabilim Dal\u0131 Ba\u015fkanl\u0131\u011f\u0131 ve Konuralp T\u0131p Dergisi&#8217;nin ba\u015f edit\u00f6rl\u00fc\u011f\u00fc g\u00f6revlerini y\u00fcr\u00fctm\u00fc\u015ft\u00fcr.<\/p><p data-start=\"428\" data-end=\"781\">Dr. S\u00f6nmez, D\u00fczce \u00dcniversitesi b\u00fcnyesinde Geleneksel ve Tamamlay\u0131c\u0131 T\u0131p (GETAT) Merkezi&#8217;nin kurulmas\u0131na \u00f6nc\u00fcl\u00fck etmi\u015f ve akupunktur, ozon terapi, kupa terapi (hacamat), hirudoterapi (s\u00fcl\u00fck tedavisi), hipnoterapi, mezoterapi ve maggot (larva) tedavisi gibi uygulamalar\u0131 hastane b\u00fcnyesinde ilk kez hayata ge\u00e7irmi\u015ftir.<\/p><div class=\"relative inline-flex items-center\">\u00a0<\/div><p data-start=\"783\" data-end=\"842\">Sundu\u011fu hizmetler aras\u0131nda \u015funlar bulunmaktad\u0131r:<\/p><ul data-start=\"844\" data-end=\"2291\"><li data-start=\"844\" data-end=\"1000\"><p data-start=\"846\" data-end=\"1000\"><strong data-start=\"846\" data-end=\"864\">Medicina de familia<\/strong>: Bireylerin ve ailelerin genel sa\u011fl\u0131k ihtiya\u00e7lar\u0131n\u0131 kar\u015f\u0131layan birinci basamak sa\u011fl\u0131k hizmetidir.<\/p><\/li><li data-start=\"1002\" data-end=\"1175\"><p data-start=\"1004\" data-end=\"1175\"><strong data-start=\"1004\" data-end=\"1021\">Control del peso<\/strong>: Sa\u011fl\u0131kl\u0131 kilo y\u00f6netimi i\u00e7in beslenme, egzersiz ve ya\u015fam tarz\u0131 de\u011fi\u015fikliklerini destekleyen dan\u0131\u015fmanl\u0131k hizmetidir.<\/p><\/li><li data-start=\"1177\" data-end=\"1345\"><p data-start=\"1179\" data-end=\"1345\"><strong data-start=\"1179\" data-end=\"1197\">Dejar de fumar<\/strong>: Ba\u011f\u0131ml\u0131l\u0131\u011f\u0131 azaltan tedavilerle desteklenen sigara kullan\u0131m\u0131n\u0131n b\u0131rak\u0131lmas\u0131n\u0131 te\u015fvik eden sa\u011fl\u0131k hizmetidir.<\/p><\/li><li data-start=\"1347\" data-end=\"1538\"><p data-start=\"1349\" data-end=\"1538\"><strong data-start=\"1349\" data-end=\"1372\">Tratamiento de acupuntura<\/strong>: V\u00fccutta belirli noktalara ince i\u011fnelerle yap\u0131lan, \u00e7e\u015fitli sa\u011fl\u0131k sorunlar\u0131n\u0131n tedavisinde kullan\u0131lan geleneksel bir y\u00f6ntemdir.<\/p><\/li><li data-start=\"1540\" data-end=\"1714\"><p data-start=\"1542\" data-end=\"1714\"><strong data-start=\"1542\" data-end=\"1559\">Ozonoterapia<\/strong>: Ozon gaz\u0131n\u0131n t\u0131bbi ama\u00e7larla kullan\u0131ld\u0131\u011f\u0131, antimikrobiyal ve antioksidan etkileriyle bilinen bir tedavi y\u00f6ntemidir.<\/p><\/li><li data-start=\"1716\" data-end=\"1908\"><p data-start=\"1718\" data-end=\"1908\"><strong data-start=\"1718\" data-end=\"1745\">Tratamiento con ventosas (Cupping)<\/strong>: V\u00fccut \u00fczerindeki belirli noktalara vakumlu cam kupalarla yap\u0131lan, kan dola\u015f\u0131m\u0131n\u0131 art\u0131rmay\u0131 ama\u00e7layan bir tedavi y\u00f6ntemidir.<\/p><\/li><li data-start=\"1910\" data-end=\"2071\"><p data-start=\"1912\" data-end=\"2071\"><strong data-start=\"1912\" data-end=\"1927\">Hipnoterapia<\/strong>: Hipnoz durumunu kullanarak zihinsel ve duygusal sorunlar\u0131 tedavi etmeyi ama\u00e7layan bir terapi y\u00f6ntemidir.<\/p><\/li><li data-start=\"2073\" data-end=\"2291\"><p data-start=\"2075\" data-end=\"2291\"><strong data-start=\"2075\" data-end=\"2089\">Mesoterapia<\/strong>: Deri alt\u0131na d\u00fc\u015f\u00fck dozda ila\u00e7, vitamin ve mineral enjeksiyonlar\u0131yla uygulanan, cilt yenileme ve b\u00f6lgesel zay\u0131flama gibi ama\u00e7larla kullan\u0131lan bir tedavi y\u00f6ntemidir.<\/p><\/li><\/ul><p data-start=\"2293\" data-end=\"2795\">Ayr\u0131ca, online dan\u0131\u015fmanl\u0131k ve evde sa\u011fl\u0131k hizmetleri de sunulmaktad\u0131r. Online dan\u0131\u015fmanl\u0131k ile hastalar, Dr. S\u00f6nmez ile do\u011frudan g\u00f6r\u00fcnt\u00fcl\u00fc g\u00f6r\u00fc\u015fme yaparak sa\u011fl\u0131k hizmetlerinden faydalanabilirler. Evde sa\u011fl\u0131k hizmetleri ise hastalar\u0131n kendi ev ortamlar\u0131nda profesyonel sa\u011fl\u0131k hizmetleri alabilmesini sa\u011flar; bu hizmetler aras\u0131nda hem\u015firelik hizmetleri, fizik tedavi ve rehabilitasyon, psikososyal destek ve gerekli t\u0131bbi cihazlar\u0131n temini bulunmaktad\u0131r.<\/p><p data-start=\"2797\" data-end=\"2877\">Dr. Cemil I\u015f\u0131k S\u00f6nmez, D\u00fczce&#8217;de a\u015fa\u011f\u0131daki adreste hizmet vermektedir:<\/p><p data-start=\"2879\" data-end=\"2951\"><strong data-start=\"2879\" data-end=\"2888\">Adres<\/strong>: K\u00fclt\u00fcr Mahallesi, Kanuni Sokak No:2, 81600 D\u00fczce Merkez\/D\u00fczce<\/p><p data-start=\"2953\" data-end=\"2982\"><strong data-start=\"2953\" data-end=\"2964\">Tel\u00e9fono<\/strong>: 90 546 112 81 81<\/p><p data-start=\"2984\" data-end=\"3043\"><strong data-start=\"2984\" data-end=\"3002\">Cita en l\u00ednea<\/strong>:<\/p><div class=\"relative inline-flex items-center\"><a class=\"ml-1 inline-flex h-[22px] items-center rounded-xl bg-[#f4f4f4] px-2 text-[0.5em] font-medium text-token-text-secondary dark:bg-token-main-surface-secondary !text-token-text-secondary uppercase hover:bg-token-text-primary hover:!text-token-main-surface-secondary dark:hover:bg-token-text-primary group\" href=\"http:\/\/drcemil.com\/es\/?utm_source=chatgpt.com\" target=\"_blank\" rel=\"noopener\"><span class=\"truncate\">drcemil.com<\/span><\/a><\/div><p data-start=\"3045\" data-end=\"3415\">Hastalar\u0131n\u0131n yorumlar\u0131, Dr. S\u00f6nmez&#8217;in tedavi s\u00fcre\u00e7lerindeki ba\u015far\u0131s\u0131n\u0131 ve hasta memnuniyetini g\u00f6stermektedir. \u00d6rne\u011fin, bir hasta akupunktur ve ozon tedavisi ile bel f\u0131t\u0131\u011f\u0131 a\u011fr\u0131lar\u0131ndan kurtuldu\u011funu ve sigaray\u0131 b\u0131rakt\u0131\u011f\u0131n\u0131 belirtmi\u015ftir. Ba\u015fka bir hasta ise anksiyete ve obsesyon tedavisinde olumlu sonu\u00e7lar ald\u0131\u011f\u0131n\u0131 ifade etmi\u015ftir.<\/p><p data-start=\"3417\" data-end=\"3552\">Dr. Cemil I\u015f\u0131k S\u00f6nmez, b\u00fct\u00fcnc\u00fcl ve ki\u015fiye \u00f6zel tedavi yakla\u015f\u0131mlar\u0131yla hastalar\u0131n\u0131n sa\u011fl\u0131\u011f\u0131n\u0131 korumay\u0131 ve iyile\u015ftirmeyi hedeflemektedir.<\/p>\t\t\t\t\t\t<\/div>\n\t\t\t\t<\/div>\n\t\t\t\t\t<\/div>\n\t\t\t\t<\/div>\n\t\t\t\t\t\t\t<\/div>","protected":false},"excerpt":{"rendered":"<p>Uzm. Dr. Cemil I\u015f\u0131k S\u00f6nmez, Ankara \u00dcniversitesi T\u0131p Fak\u00fcltesi&#8217;nden 2006 y\u0131l\u0131nda mezun olmu\u015f ve 2012 y\u0131l\u0131nda Aile Hekimli\u011fi uzmanl\u0131\u011f\u0131n\u0131 tamamlam\u0131\u015ft\u0131r. 2015 y\u0131l\u0131nda D\u00fczce \u00dcniversitesi T\u0131p Fak\u00fcltesi Aile Hekimli\u011fi Anabilim Dal\u0131&#8217;nda Yard\u0131mc\u0131 Do\u00e7ent olarak g\u00f6reve ba\u015flam\u0131\u015f, 2016-2020 y\u0131llar\u0131 aras\u0131nda Anabilim Dal\u0131 Ba\u015fkanl\u0131\u011f\u0131 ve Konuralp T\u0131p Dergisi&#8217;nin ba\u015f edit\u00f6rl\u00fc\u011f\u00fc g\u00f6revlerini y\u00fcr\u00fctm\u00fc\u015ft\u00fcr. Dr. S\u00f6nmez, D\u00fczce \u00dcniversitesi b\u00fcnyesinde Geleneksel &#8230;<\/p>","protected":false},"author":1,"featured_media":0,"parent":0,"menu_order":0,"comment_status":"closed","ping_status":"closed","template":"elementor_header_footer","meta":{"footnotes":""},"class_list":["post-40049","page","type-page","status-publish","hentry"],"_links":{"self":[{"href":"http:\/\/drcemil.com\/es\/wp-json\/wp\/v2\/pages\/40049","targetHints":{"allow":["GET"]}}],"collection":[{"href":"http:\/\/drcemil.com\/es\/wp-json\/wp\/v2\/pages"}],"about":[{"href":"http:\/\/drcemil.com\/es\/wp-json\/wp\/v2\/types\/page"}],"author":[{"embeddable":true,"href":"http:\/\/drcemil.com\/es\/wp-json\/wp\/v2\/users\/1"}],"replies":[{"embeddable":true,"href":"http:\/\/drcemil.com\/es\/wp-json\/wp\/v2\/comments?post=40049"}],"version-history":[{"count":0,"href":"http:\/\/drcemil.com\/es\/wp-json\/wp\/v2\/pages\/40049\/revisions"}],"wp:attachment":[{"href":"http:\/\/drcemil.com\/es\/wp-json\/wp\/v2\/media?parent=40049"}],"curies":[{"name":"wp","href":"https:\/\/api.w.org\/{rel}","templated":true}]}}